{"id":104,"date":"2021-12-06T17:28:25","date_gmt":"2021-12-06T16:28:25","guid":{"rendered":"http:\/\/cutandslash.de\/?page_id=104"},"modified":"2022-01-13T10:22:35","modified_gmt":"2022-01-13T09:22:35","slug":"ueber-mich","status":"publish","type":"page","link":"https:\/\/cutandslash.de\/?page_id=104","title":{"rendered":"About"},"content":{"rendered":"\n<div class=\"wp-block-image is-style-default\"><figure class=\"alignright size-large is-resized\"><img loading=\"lazy\" decoding=\"async\" src=\"https:\/\/cutandslash.de\/wp-content\/uploads\/2021\/12\/Daniel-Kamera-Do\u0308rner-cut-805x1024.jpeg\" alt=\"\" class=\"wp-image-122\" width=\"233\" height=\"291\"\/><\/figure><\/div>\n\n\n\n<p>Ich liebe es im Editing, in akribischer Feinarbeit das Letzte aus dem Material herauszukitzeln. Aber als Vollblutfilmer tausche ich Maus und Tastatur auch mal gegen eine Kamera. Ich mag das Echte, Handgemachte und mache mir auch gerne bei der Arbeit die H\u00e4nde schmutzig.<\/p>\n\n\n\n<p>Es ist genau diese Mischung, die ich liebe. Und genau diese Liebe, wie sie eben handgemachten Produkten innewohnt, m\u00f6chte ich f\u00fcr die Zuschauerin und den Zuseher erlebbar machen &#8211; dabei ist es mir egal, ob ich f\u00fcr ein kleines Webvideo oder den &#8222;gro\u00dfen TV Werbespot&#8220; arbeite.<\/p>\n\n\n\n<p><\/p>\n\n\n\n<p><\/p>\n\n\n\n<p><\/p>\n","protected":false},"excerpt":{"rendered":"<p>Ich liebe es im Editing, in akribischer Feinarbeit das Letzte aus dem Material herauszukitzeln. Aber als Vollblutfilmer tausche ich Maus und Tastatur auch mal gegen eine Kamera. Ich mag das<\/p>\n<p class=\"more-link\"><a href=\"https:\/\/cutandslash.de\/?page_id=104\" class=\"readmore\">Continue reading<span class=\"screen-reader-text\">About<\/span><\/a><\/p>\n","protected":false},"author":1,"featured_media":0,"parent":0,"menu_order":-1,"comment_status":"closed","ping_status":"closed","template":"","meta":{"footnotes":""},"class_list":["post-104","page","type-page","status-publish","hentry"],"_links":{"self":[{"href":"https:\/\/cutandslash.de\/index.php?rest_route=\/wp\/v2\/pages\/104","targetHints":{"allow":["GET"]}}],"collection":[{"href":"https:\/\/cutandslash.de\/index.php?rest_route=\/wp\/v2\/pages"}],"about":[{"href":"https:\/\/cutandslash.de\/index.php?rest_route=\/wp\/v2\/types\/page"}],"author":[{"embeddable":true,"href":"https:\/\/cutandslash.de\/index.php?rest_route=\/wp\/v2\/users\/1"}],"replies":[{"embeddable":true,"href":"https:\/\/cutandslash.de\/index.php?rest_route=%2Fwp%2Fv2%2Fcomments&post=104"}],"version-history":[{"count":10,"href":"https:\/\/cutandslash.de\/index.php?rest_route=\/wp\/v2\/pages\/104\/revisions"}],"predecessor-version":[{"id":146,"href":"https:\/\/cutandslash.de\/index.php?rest_route=\/wp\/v2\/pages\/104\/revisions\/146"}],"wp:attachment":[{"href":"https:\/\/cutandslash.de\/index.php?rest_route=%2Fwp%2Fv2%2Fmedia&parent=104"}],"curies":[{"name":"wp","href":"https:\/\/api.w.org\/{rel}","templated":true}]}}